{"id":8,"date":"2009-07-29T14:20:16","date_gmt":"2009-07-29T12:20:16","guid":{"rendered":"http:\/\/s05.nitnut.org\/?page_id=8"},"modified":"2023-04-17T16:38:02","modified_gmt":"2023-04-17T14:38:02","slug":"anfahrt-zu-feld-und-halle","status":"publish","type":"page","link":"https:\/\/www.saar05-hockey.de\/?page_id=8","title":{"rendered":"Anfahrt"},"content":{"rendered":"<blockquote><p>&#8220;Der Weg ist das Ziel&#8221; (Konfuzius)<\/p>\n<p>&#8220;Konfuzius ist ein Idiot&#8221; (Anonymer Hockeyspieler. Mal wieder am Wochenende unterwegs)<\/p><\/blockquote>\n<p><strong>Halle:<\/strong><\/p>\n<p><em><strong>Bruchwiesenhalle<\/strong><\/em><\/p>\n<p style=\"padding-left: 30px;\">Sporthalle Bruchwiese<br \/>\nSachsenweg 8.<br \/>\n66121 <em>Saarbr\u00fccken<\/em><br \/>\nTelefon: 0681\/65469<\/p>\n<p><em><strong>Scharnhorsthalle<\/strong><\/em><\/p>\n<p style=\"padding-left: 30px;\">Scharnhorsthalle, Sporthalle St. Arnual<br \/>\nScharnhorststra\u00dfe\u00a0 12<br \/>\n66119 Saarbr\u00fccken<\/p>\n<p><strong><em>Sportanlage Brebach<\/em><br \/>\n<\/strong><\/p>\n<p style=\"padding-left: 30px;\">Sportanlage in Brebach<br \/>\nRosenstra\u00dfe 14<br \/>\n66130 Saarbr\u00fccken<\/p>\n<p style=\"padding-left: 30px;\">Kunstrasenplatz des SV Saar 05 Hockey. \u00dcber die A6 in Richtung Saarbr\u00fccken, die kurz vor Saarbr\u00fccken in die A620 \u00fcbergeht, fahren. (Auch wenn&#8217;s verlockend ist: Nicht in Richtung Paris fahren!). An der Anschlussstelle 21 <em>Saarbr\u00fccken G\u00fcdingen<\/em> von der Autobahn abfahren und an der Ampel links einordnen. Nach dem Abbiegen unter der Autobahn durchfahren und dann wieder direkt auf die A6 auffahren. An der ersten Anschlussstelle 4 <em>Saarbr\u00fccken Fechingen<\/em> abfahren und rechts halten. An der Ampel nach links abbiegen auf die Saarbr\u00fccker Stra\u00dfe. Nach 400 Metern links in die Rosenstra\u00dfe abbiegen und bis zum Sportplatz fahren.<\/p>\n","protected":false},"excerpt":{"rendered":"<p>&#8220;Der Weg ist das Ziel&#8221; (Konfuzius) &#8220;Konfuzius ist ein Idiot&#8221; (Anonymer Hockeyspieler. Mal wieder am Wochenende unterwegs) Halle: Bruchwiesenhalle Sporthalle Bruchwiese Sachsenweg 8. 66121 Saarbr\u00fccken Telefon: 0681\/65469 Scharnhorsthalle Scharnhorsthalle, Sporthalle St. Arnual Scharnhorststra\u00dfe\u00a0 12 66119 Saarbr\u00fccken Sportanlage Brebach&#8230; <a class=\"read-more\" href=\"https:\/\/www.saar05-hockey.de\/?page_id=8\">Mehr erfahren<\/a><\/p>\n","protected":false},"author":1,"featured_media":0,"parent":0,"menu_order":0,"comment_status":"closed","ping_status":"closed","template":"","meta":{"footnotes":""},"class_list":["post-8","page","type-page","status-publish","hentry","no-comments"],"_links":{"self":[{"href":"https:\/\/www.saar05-hockey.de\/index.php?rest_route=\/wp\/v2\/pages\/8","targetHints":{"allow":["GET"]}}],"collection":[{"href":"https:\/\/www.saar05-hockey.de\/index.php?rest_route=\/wp\/v2\/pages"}],"about":[{"href":"https:\/\/www.saar05-hockey.de\/index.php?rest_route=\/wp\/v2\/types\/page"}],"author":[{"embeddable":true,"href":"https:\/\/www.saar05-hockey.de\/index.php?rest_route=\/wp\/v2\/users\/1"}],"replies":[{"embeddable":true,"href":"https:\/\/www.saar05-hockey.de\/index.php?rest_route=%2Fwp%2Fv2%2Fcomments&post=8"}],"version-history":[{"count":10,"href":"https:\/\/www.saar05-hockey.de\/index.php?rest_route=\/wp\/v2\/pages\/8\/revisions"}],"predecessor-version":[{"id":1700,"href":"https:\/\/www.saar05-hockey.de\/index.php?rest_route=\/wp\/v2\/pages\/8\/revisions\/1700"}],"wp:attachment":[{"href":"https:\/\/www.saar05-hockey.de\/index.php?rest_route=%2Fwp%2Fv2%2Fmedia&parent=8"}],"curies":[{"name":"wp","href":"https:\/\/api.w.org\/{rel}","templated":true}]}}