{"id":26,"date":"2009-07-29T15:14:03","date_gmt":"2009-07-29T13:14:03","guid":{"rendered":"http:\/\/s05.nitnut.org\/?page_id=26"},"modified":"2026-05-07T16:06:59","modified_gmt":"2026-05-07T14:06:59","slug":"jugend","status":"publish","type":"page","link":"https:\/\/www.saar05-hockey.de\/?page_id=26","title":{"rendered":"Jugend"},"content":{"rendered":"<p>Die Jugendmannschaften der Hockeyabteilung bestehen aus:<\/p>\n<ul>\n<li>M\u00e4dchen und Knaben U8 und U10<\/li>\n<li>Knaben B und M\u00e4dchen B (U12)<\/li>\n<li>M\u00e4dchen (U14)<\/li>\n<li>weibliche Jugend B (U16)<\/li>\n<\/ul>\n<p>Die aktuellen Spielpl\u00e4ne sind zu finden unter <a href=\"http:\/\/rps-hockey.de\">rps-hockey.de<\/a>.<\/p>\n<ul>\n<li>F\u00fcr M\u00e4dchen und Knaben C\/D: Ergebnisdienst, Feldsaison bzw. Hallensaison, C \/ D Spieltage, dann Rechts auf Knaben D klicken<\/li>\n<li>F\u00fcr alle anderen: Ergebnisdienst, Feldsaison bzw. Hallensaison, Jugend, Rechts in der Liga auf die Altersklasse klicken (z.B. Verbandsliga, M\u00e4dchen A) und dann rechts oben auf den Zeitungsjungen klicken.<\/li>\n<\/ul>\n<p><strong>Unsere Trainer, Betreuer<\/strong><\/p>\n<ul>\n<li>Stefan Werner-Ariesanu<\/li>\n<li>J\u00f6rg Gerard<\/li>\n<li>Philipp H\u00f6vel<\/li>\n<li>Theo Laudien<\/li>\n<li>Jessica Werner<\/li>\n<li>Torwart: Stefan F\u00f6rster, Nico Kuhlgatz<\/li>\n<\/ul>\n<p><strong>Trainingszeiten<\/strong><\/p>\n<p>Hier geht es zu den <a href=\"http:\/\/www.saar05-hockey.de\/?page_id=539\">Trainingszeiten. <\/a><\/p>\n<p><strong>Jugendwart<\/strong><\/p>\n<p>Du erreichst unseren Jugendwart Stephan Werner-Ariesanu\u00a0unter \u00a0+49 15227543052 oder per Mail unter jugendwart@saar05-hockey.de.<\/p>\n<p><strong>Aush\u00e4nge f\u00fcr Schule oder Hort<\/strong><\/p>\n<p>Wenn Du Werbung machen m\u00f6chtest, dann kannst Du in Deiner Schule oder Hort diesen <a href=\"http:\/\/www.saar05-hockey.de\/wordpress\/wp-content\/uploads\/2016\/11\/Aushang_Saar05_Hockey_U10.pdf\">Aushang <\/a>aufh\u00e4ngen.<\/p>\n","protected":false},"excerpt":{"rendered":"<p>Die Jugendmannschaften der Hockeyabteilung bestehen aus: M\u00e4dchen und Knaben U8 und U10 Knaben B und M\u00e4dchen B (U12) M\u00e4dchen (U14) weibliche Jugend B (U16) Die aktuellen Spielpl\u00e4ne sind zu finden unter rps-hockey.de. F\u00fcr M\u00e4dchen und Knaben C\/D: Ergebnisdienst,&#8230; <a class=\"read-more\" href=\"https:\/\/www.saar05-hockey.de\/?page_id=26\">Mehr erfahren<\/a><\/p>\n","protected":false},"author":1,"featured_media":0,"parent":6,"menu_order":1,"comment_status":"closed","ping_status":"closed","template":"","meta":{"footnotes":""},"class_list":["post-26","page","type-page","status-publish","hentry","no-comments"],"_links":{"self":[{"href":"https:\/\/www.saar05-hockey.de\/index.php?rest_route=\/wp\/v2\/pages\/26","targetHints":{"allow":["GET"]}}],"collection":[{"href":"https:\/\/www.saar05-hockey.de\/index.php?rest_route=\/wp\/v2\/pages"}],"about":[{"href":"https:\/\/www.saar05-hockey.de\/index.php?rest_route=\/wp\/v2\/types\/page"}],"author":[{"embeddable":true,"href":"https:\/\/www.saar05-hockey.de\/index.php?rest_route=\/wp\/v2\/users\/1"}],"replies":[{"embeddable":true,"href":"https:\/\/www.saar05-hockey.de\/index.php?rest_route=%2Fwp%2Fv2%2Fcomments&post=26"}],"version-history":[{"count":54,"href":"https:\/\/www.saar05-hockey.de\/index.php?rest_route=\/wp\/v2\/pages\/26\/revisions"}],"predecessor-version":[{"id":1769,"href":"https:\/\/www.saar05-hockey.de\/index.php?rest_route=\/wp\/v2\/pages\/26\/revisions\/1769"}],"up":[{"embeddable":true,"href":"https:\/\/www.saar05-hockey.de\/index.php?rest_route=\/wp\/v2\/pages\/6"}],"wp:attachment":[{"href":"https:\/\/www.saar05-hockey.de\/index.php?rest_route=%2Fwp%2Fv2%2Fmedia&parent=26"}],"curies":[{"name":"wp","href":"https:\/\/api.w.org\/{rel}","templated":true}]}}