{"id":111,"date":"2009-07-29T14:15:00","date_gmt":"2009-07-29T12:15:00","guid":{"rendered":"http:\/\/s05.nitnut.org\/?page_id=3"},"modified":"2018-11-14T14:35:40","modified_gmt":"2018-11-14T13:35:40","slug":"willkommen","status":"publish","type":"page","link":"https:\/\/www.saar05-hockey.de\/?page_id=111","title":{"rendered":"Willkommen"},"content":{"rendered":"<p><strong>Herzlich Willkommen bei der Hockeyabteilung des Saar 05 Saarbr\u00fccken!<\/strong><\/p>\n<p>&nbsp;<\/p>\n<p>&nbsp;<\/p>\n<p><em><strong>SV Saar 05 \u2013 Hockey aus Leidenschaft<\/strong><\/em><\/p>\n<p>Was macht Hockey so Faszinierend und Attraktiv, und was sind die Gr\u00fcnde, dass dieser Sport viele Menschen von Kindesbeinen an ein Leben lang in seinen Bann zieht.<\/p>\n<ul>\n<li><strong>Hockey<\/strong> ist eine der schnellsten Ballsportarten der Welt. Technisch hoher Anspruch und eine ausgepr\u00e4gte Athletik sind die Attribute, die der Hockeysport in besonderem Ma\u00dfe in sich vereint<\/li>\n<li><strong>Hockey<\/strong> hat ein besonderes Flair, das ma\u00dfgeblich durch das \u00fcberdurchschnittliche individuelle sportliche und gesellschaftliche Engagement seiner Akteure bestimmt wird<\/li>\n<li><strong>Hockey<\/strong> hat ein unverwechselbares WIR \u2013 Gef\u00fchl das sich daher von anderen Massensportarten wohltuend abhebt.<\/li>\n<li><strong>Hockey<\/strong> vermittelt unverzichtbare Werte wie Teamgeist, Pflichtgef\u00fchl, Toleranz und FAIR PLAY<\/li>\n<\/ul>\n<p><strong>Einer<\/strong> f\u00fcr alle und<strong> Alle <\/strong>f\u00fcr einen<\/p>\n<p><em><strong>Hockey beim SV Saar 05<\/strong><\/em><\/p>\n<p>Es d\u00fcrfte wohl nur wenigen bekannt sein , dass Hockey seit mehr als 80 Jahre beim SV Saar 05 gespielt wird. Bereits 1919 fand das erste regul\u00e4re Wettspiel in St. Johann statt. Die Hockeyspieler hatten es aber schon immer schwer sich gegen die gro\u00dfen Br\u00fcder wie Fu\u00dfball und Handball zu behaupten. Eine der Ursachen daf\u00fcr ist wohl darin zu suchen, dass die Regeln des Hockeysports f\u00fcr einen Laien etwas schwer verst\u00e4ndlich sind.<\/p>\n<p><strong>Trainingszeiten:<\/strong><\/p>\n<p>Trainingszeiten und -ort finden sich bei den Beschreibungen der Mannschaften.<\/p>\n","protected":false},"excerpt":{"rendered":"<p>Herzlich Willkommen bei der Hockeyabteilung des Saar 05 Saarbr\u00fccken! &nbsp; &nbsp; SV Saar 05 \u2013 Hockey aus Leidenschaft Was macht Hockey so Faszinierend und Attraktiv, und was sind die Gr\u00fcnde, dass dieser Sport viele Menschen von Kindesbeinen an&#8230; <a class=\"read-more\" href=\"https:\/\/www.saar05-hockey.de\/?page_id=111\">Mehr erfahren<\/a><\/p>\n","protected":false},"author":1,"featured_media":0,"parent":0,"menu_order":0,"comment_status":"closed","ping_status":"closed","template":"","meta":{"footnotes":""},"class_list":["post-111","page","type-page","status-publish","hentry","no-comments"],"_links":{"self":[{"href":"https:\/\/www.saar05-hockey.de\/index.php?rest_route=\/wp\/v2\/pages\/111","targetHints":{"allow":["GET"]}}],"collection":[{"href":"https:\/\/www.saar05-hockey.de\/index.php?rest_route=\/wp\/v2\/pages"}],"about":[{"href":"https:\/\/www.saar05-hockey.de\/index.php?rest_route=\/wp\/v2\/types\/page"}],"author":[{"embeddable":true,"href":"https:\/\/www.saar05-hockey.de\/index.php?rest_route=\/wp\/v2\/users\/1"}],"replies":[{"embeddable":true,"href":"https:\/\/www.saar05-hockey.de\/index.php?rest_route=%2Fwp%2Fv2%2Fcomments&post=111"}],"version-history":[{"count":9,"href":"https:\/\/www.saar05-hockey.de\/index.php?rest_route=\/wp\/v2\/pages\/111\/revisions"}],"predecessor-version":[{"id":1425,"href":"https:\/\/www.saar05-hockey.de\/index.php?rest_route=\/wp\/v2\/pages\/111\/revisions\/1425"}],"wp:attachment":[{"href":"https:\/\/www.saar05-hockey.de\/index.php?rest_route=%2Fwp%2Fv2%2Fmedia&parent=111"}],"curies":[{"name":"wp","href":"https:\/\/api.w.org\/{rel}","templated":true}]}}