{"id":10,"date":"2009-07-29T14:21:07","date_gmt":"2009-07-29T12:21:07","guid":{"rendered":"http:\/\/s05.nitnut.org\/?page_id=10"},"modified":"2013-10-04T09:50:04","modified_gmt":"2013-10-04T07:50:04","slug":"verein","status":"publish","type":"page","link":"https:\/\/www.saar05-hockey.de\/?page_id=10","title":{"rendered":"Verein"},"content":{"rendered":"<p><strong>Hockey beim SV Saar 05<\/strong><\/p>\n<p>Es d\u00fcrfte wohl nur wenigen bekannt sein , dass Hockey seit mehr als 80 Jahre beim SV Saar 05 gespielt wird. Bereits 1919 fand das erste regul\u00e4re Wettspiel in St. Johann statt. Die Hockeyspieler hatten es aber schon immer schwer sich gegen die gro\u00dfen Br\u00fcder wie Fu\u00dfball und Handball zu behaupten. Eine der Ursachen daf\u00fcr ist wohl darin zu suchen, dass die Regeln des Hockeysports f\u00fcr einen Laien etwas schwer verst\u00e4ndlich sind. Nichts des zu Trotz hat die Hockeyabteilung des SV Saar 05 heute \u00fcber 130 Mitglieder.<\/p>\n<p>Mitglied werden? &#8211;\u00a0<a href=\"http:\/\/www.saar05-hockey.de\/wordpress\/wp-content\/uploads\/2013\/10\/Aufnahmeantrag-Saar05-10-2011.pdf\">Aufnahmeantrag Saar05<\/a><\/p>\n","protected":false},"excerpt":{"rendered":"<p>Hockey beim SV Saar 05 Es d\u00fcrfte wohl nur wenigen bekannt sein , dass Hockey seit mehr als 80 Jahre beim SV Saar 05 gespielt wird. Bereits 1919 fand das erste regul\u00e4re Wettspiel in St. Johann statt. Die&#8230; <a class=\"read-more\" href=\"https:\/\/www.saar05-hockey.de\/?page_id=10\">Mehr erfahren<\/a><\/p>\n","protected":false},"author":1,"featured_media":0,"parent":0,"menu_order":0,"comment_status":"closed","ping_status":"closed","template":"","meta":{"footnotes":""},"class_list":["post-10","page","type-page","status-publish","hentry","no-comments"],"_links":{"self":[{"href":"https:\/\/www.saar05-hockey.de\/index.php?rest_route=\/wp\/v2\/pages\/10","targetHints":{"allow":["GET"]}}],"collection":[{"href":"https:\/\/www.saar05-hockey.de\/index.php?rest_route=\/wp\/v2\/pages"}],"about":[{"href":"https:\/\/www.saar05-hockey.de\/index.php?rest_route=\/wp\/v2\/types\/page"}],"author":[{"embeddable":true,"href":"https:\/\/www.saar05-hockey.de\/index.php?rest_route=\/wp\/v2\/users\/1"}],"replies":[{"embeddable":true,"href":"https:\/\/www.saar05-hockey.de\/index.php?rest_route=%2Fwp%2Fv2%2Fcomments&post=10"}],"version-history":[{"count":5,"href":"https:\/\/www.saar05-hockey.de\/index.php?rest_route=\/wp\/v2\/pages\/10\/revisions"}],"predecessor-version":[{"id":1065,"href":"https:\/\/www.saar05-hockey.de\/index.php?rest_route=\/wp\/v2\/pages\/10\/revisions\/1065"}],"wp:attachment":[{"href":"https:\/\/www.saar05-hockey.de\/index.php?rest_route=%2Fwp%2Fv2%2Fmedia&parent=10"}],"curies":[{"name":"wp","href":"https:\/\/api.w.org\/{rel}","templated":true}]}}